{"id":70,"date":"2021-06-24T18:55:55","date_gmt":"2021-06-24T16:55:55","guid":{"rendered":"https:\/\/www.unitas.ch\/servizio-tiflologico\/?page_id=70"},"modified":"2024-05-14T12:02:19","modified_gmt":"2024-05-14T10:02:19","slug":"cosa-facciamo","status":"publish","type":"page","link":"https:\/\/www.unitas.ch\/casa-andreina\/cosa-facciamo\/","title":{"rendered":"Cosa facciamo"},"content":{"rendered":"\n<p>Accanto al&nbsp;<strong>personale specializzato<\/strong>, il <strong>Centro diurno Casa Andreina <\/strong>pu\u00f2 contare sul prezioso aiuto di una cerchia di&nbsp;<strong>volontari<\/strong>&nbsp;per tenere aperta la <strong>caffetteria<\/strong>, servire <strong>pranzi<\/strong> a mezzogiorno, <strong>animare<\/strong> i diversi <strong>momenti della giornata<\/strong> e <strong>garantire<\/strong> ai frequentatori i <strong>trasporti<\/strong> da tutta la Svizzera italiana.&nbsp;<\/p>\n\n\n\n<p>Le <strong>quattro sale multiuso<\/strong> consentono di realizzare un <strong>ricco programma annuale<\/strong>. Casa Andreina propone <strong>corsi <\/strong>nei settori della formazione continua, delle attivit\u00e0 del tempo libero, musica, teatro, ballo, incontri, manifestazioni culturali e ricreative, animazione e gite, cos\u00ec da rispondere agli interessi e ai desideri delle diverse fasce d&#8217;et\u00e0, con un&#8217;attenzione particolare rivolta pure ai giovani.&nbsp;<\/p>\n\n\n\n<p>Il venerd\u00ec e il sabato sera, la &#8220;<a href=\"https:\/\/www.unitas.ch\/moscacieca\/\" target=\"_blank\" rel=\"noreferrer noopener\">Sala Moscacieca<\/a>&#8221; accoglie le <strong>cene al buio<\/strong>: un progetto di sensibilizzazione che si indirizza alle persone vedenti. In questi spazi vengono presentati anche <strong>concerti e altre offerte culturali <\/strong>rigorosamente al buio. Si tratta di manifestazioni che costituiscono un\u2019occasione di <strong>integrazione lavorativa<\/strong> per alcuni ciechi e ipovedenti, che nella &#8220;Sala Moscacieca&#8221; fungono da camerieri e da guida per gli ospiti.&nbsp;<\/p>\n\n\n\n<p>Il seminterrato ospita l&#8217;<a href=\"https:\/\/www.unitas.ch\/casa-andreina\/attivita-1\/\" target=\"_blank\" rel=\"noreferrer noopener\"><strong>atelier<\/strong> \u201c<strong>Tantemani<\/strong>\u201d,<\/a> nel quale si eseguono vari tipi di lavori manuali e artigianali, e il <strong>Centro di produzione<\/strong> della <a href=\"https:\/\/www.unitas.ch\/biblioteca-braille\/\" target=\"_blank\" rel=\"noreferrer noopener\">Biblioteca Braille e del libro parlato<\/a>.<\/p>\n\n\n\n<div style=\"height:68px\" aria-hidden=\"true\" class=\"wp-block-spacer\"><\/div>\n\n\n\n<h2 class=\"wp-block-heading\">Collabora con noi!<\/h2>\n\n\n\n<p>Lo sapevi che a Casa Andreina \u00e8 possibile prestare <strong>servizio civile<\/strong>? Per maggiori informazioni, scarica i mansionari, oppure, contattaci!<\/p>\n\n\n\n<p><strong>Collaboratore del centro diurno<\/strong><br>Il civilista aiuta i collaboratori del<strong> Centro diurno<\/strong> nell&#8217;organizzazione e nello svolgimento delle varie attivit\u00e0 rivolte agli utenti. Per maggiori informazioni, scarica i dettagli:<\/p>\n\n\n\n<div class=\"wp-block-file\"><a id=\"wp-block-file--media-313f2a73-e536-4fa6-ad0c-86ec5a4af900\" href=\"https:\/\/www.unitas.ch\/casa-andreina\/wp-content\/uploads\/sites\/6\/2024\/05\/Mansionario-Servizio-Civile-al-Centro-diurno.pdf\" target=\"_blank\" rel=\"noreferrer noopener\">Mansionario Servizio Civile al Centro diurno<\/a><\/div>\n\n\n\n<p><strong>Collaboratore gite e vacanze<\/strong><br>Il civilista aiuta i responsabili nella gestione del soggiorno, nelle attivit\u00e0 rivolte agli utenti e accompagna un utente in particolare se gli \u00e8 stato assegnato. Scopri di pi\u00f9:<\/p>\n\n\n\n<div class=\"wp-block-file\"><a id=\"wp-block-file--media-b80b668d-c787-47a7-865e-e2b48f85cd1b\" href=\"https:\/\/www.unitas.ch\/casa-andreina\/wp-content\/uploads\/sites\/6\/2024\/05\/Mansionario-Servizio-civile-Collaboratore-gite-e-vacanze.pdf\" target=\"_blank\" rel=\"noreferrer noopener\">Mansionario Servizio Civile Collaboratore gite e vacanze<\/a><\/div>\n\n\n\n<div style=\"height:68px\" aria-hidden=\"true\" class=\"wp-block-spacer\"><\/div>\n\n\n\n<figure class=\"wp-block-gallery has-nested-images columns-default is-cropped wp-block-gallery-1 is-layout-flex wp-block-gallery-is-layout-flex\">\n<figure class=\"wp-block-image size-large\"><img decoding=\"async\" width=\"1024\" height=\"1024\" data-id=\"218\" src=\"https:\/\/www.unitas.ch\/casa-andreina\/wp-content\/uploads\/sites\/6\/2022\/02\/20210930_124112-1024x1024.jpg\" alt=\"\" class=\"wp-image-218\" srcset=\"https:\/\/www.unitas.ch\/casa-andreina\/wp-content\/uploads\/sites\/6\/2022\/02\/20210930_124112-1024x1024.jpg 1024w, https:\/\/www.unitas.ch\/casa-andreina\/wp-content\/uploads\/sites\/6\/2022\/02\/20210930_124112-300x300.jpg 300w, https:\/\/www.unitas.ch\/casa-andreina\/wp-content\/uploads\/sites\/6\/2022\/02\/20210930_124112-150x150.jpg 150w, https:\/\/www.unitas.ch\/casa-andreina\/wp-content\/uploads\/sites\/6\/2022\/02\/20210930_124112-768x768.jpg 768w, https:\/\/www.unitas.ch\/casa-andreina\/wp-content\/uploads\/sites\/6\/2022\/02\/20210930_124112-1536x1536.jpg 1536w, https:\/\/www.unitas.ch\/casa-andreina\/wp-content\/uploads\/sites\/6\/2022\/02\/20210930_124112-2048x2048.jpg 2048w, https:\/\/www.unitas.ch\/casa-andreina\/wp-content\/uploads\/sites\/6\/2022\/02\/20210930_124112-350x350.jpg 350w, https:\/\/www.unitas.ch\/casa-andreina\/wp-content\/uploads\/sites\/6\/2022\/02\/20210930_124112-200x200.jpg 200w\" sizes=\"(max-width: 1024px) 100vw, 1024px\" \/><figcaption class=\"wp-element-caption\">I pranzi di Casa Andreina<\/figcaption><\/figure>\n\n\n\n<figure class=\"wp-block-image size-large\"><img decoding=\"async\" width=\"1024\" height=\"1024\" data-id=\"217\" src=\"https:\/\/www.unitas.ch\/casa-andreina\/wp-content\/uploads\/sites\/6\/2022\/02\/20210812_183042-1024x1024.jpg\" alt=\"\" class=\"wp-image-217\" srcset=\"https:\/\/www.unitas.ch\/casa-andreina\/wp-content\/uploads\/sites\/6\/2022\/02\/20210812_183042-1024x1024.jpg 1024w, https:\/\/www.unitas.ch\/casa-andreina\/wp-content\/uploads\/sites\/6\/2022\/02\/20210812_183042-300x300.jpg 300w, https:\/\/www.unitas.ch\/casa-andreina\/wp-content\/uploads\/sites\/6\/2022\/02\/20210812_183042-150x150.jpg 150w, https:\/\/www.unitas.ch\/casa-andreina\/wp-content\/uploads\/sites\/6\/2022\/02\/20210812_183042-768x768.jpg 768w, https:\/\/www.unitas.ch\/casa-andreina\/wp-content\/uploads\/sites\/6\/2022\/02\/20210812_183042-1536x1536.jpg 1536w, https:\/\/www.unitas.ch\/casa-andreina\/wp-content\/uploads\/sites\/6\/2022\/02\/20210812_183042-2048x2048.jpg 2048w, https:\/\/www.unitas.ch\/casa-andreina\/wp-content\/uploads\/sites\/6\/2022\/02\/20210812_183042-350x350.jpg 350w, https:\/\/www.unitas.ch\/casa-andreina\/wp-content\/uploads\/sites\/6\/2022\/02\/20210812_183042-200x200.jpg 200w\" sizes=\"(max-width: 1024px) 100vw, 1024px\" \/><figcaption class=\"wp-element-caption\">I pranzi di Casa Andreina<\/figcaption><\/figure>\n\n\n\n<figure class=\"wp-block-image size-large\"><img decoding=\"async\" width=\"1024\" height=\"1024\" data-id=\"216\" src=\"https:\/\/www.unitas.ch\/casa-andreina\/wp-content\/uploads\/sites\/6\/2022\/02\/20210812_183047-1024x1024.jpg\" alt=\"\" class=\"wp-image-216\" srcset=\"https:\/\/www.unitas.ch\/casa-andreina\/wp-content\/uploads\/sites\/6\/2022\/02\/20210812_183047-1024x1024.jpg 1024w, https:\/\/www.unitas.ch\/casa-andreina\/wp-content\/uploads\/sites\/6\/2022\/02\/20210812_183047-300x300.jpg 300w, https:\/\/www.unitas.ch\/casa-andreina\/wp-content\/uploads\/sites\/6\/2022\/02\/20210812_183047-150x150.jpg 150w, https:\/\/www.unitas.ch\/casa-andreina\/wp-content\/uploads\/sites\/6\/2022\/02\/20210812_183047-768x768.jpg 768w, https:\/\/www.unitas.ch\/casa-andreina\/wp-content\/uploads\/sites\/6\/2022\/02\/20210812_183047-1536x1536.jpg 1536w, https:\/\/www.unitas.ch\/casa-andreina\/wp-content\/uploads\/sites\/6\/2022\/02\/20210812_183047-2048x2048.jpg 2048w, https:\/\/www.unitas.ch\/casa-andreina\/wp-content\/uploads\/sites\/6\/2022\/02\/20210812_183047-350x350.jpg 350w, https:\/\/www.unitas.ch\/casa-andreina\/wp-content\/uploads\/sites\/6\/2022\/02\/20210812_183047-200x200.jpg 200w\" sizes=\"(max-width: 1024px) 100vw, 1024px\" \/><figcaption class=\"wp-element-caption\">I pranzi di Casa Andreina<\/figcaption><\/figure>\n<\/figure>\n\n\n\n<figure class=\"wp-block-gallery has-nested-images columns-default is-cropped wp-block-gallery-2 is-layout-flex wp-block-gallery-is-layout-flex\">\n<figure class=\"wp-block-image size-large\"><img decoding=\"async\" width=\"2560\" height=\"1011\" data-id=\"267\" src=\"https:\/\/www.unitas.ch\/casa-andreina\/wp-content\/uploads\/sites\/6\/2022\/02\/2018-08-14-11-28-25-edited-scaled.jpg\" alt=\"\" class=\"wp-image-267\" srcset=\"https:\/\/www.unitas.ch\/casa-andreina\/wp-content\/uploads\/sites\/6\/2022\/02\/2018-08-14-11-28-25-edited-scaled.jpg 2560w, https:\/\/www.unitas.ch\/casa-andreina\/wp-content\/uploads\/sites\/6\/2022\/02\/2018-08-14-11-28-25-edited-300x118.jpg 300w, https:\/\/www.unitas.ch\/casa-andreina\/wp-content\/uploads\/sites\/6\/2022\/02\/2018-08-14-11-28-25-edited-1024x404.jpg 1024w, https:\/\/www.unitas.ch\/casa-andreina\/wp-content\/uploads\/sites\/6\/2022\/02\/2018-08-14-11-28-25-edited-768x303.jpg 768w, https:\/\/www.unitas.ch\/casa-andreina\/wp-content\/uploads\/sites\/6\/2022\/02\/2018-08-14-11-28-25-edited-1536x607.jpg 1536w, https:\/\/www.unitas.ch\/casa-andreina\/wp-content\/uploads\/sites\/6\/2022\/02\/2018-08-14-11-28-25-edited-2048x809.jpg 2048w\" sizes=\"(max-width: 2560px) 100vw, 2560px\" \/><figcaption class=\"wp-element-caption\">Le uscite di Casa Andreina<\/figcaption><\/figure>\n\n\n\n<figure class=\"wp-block-image size-large\"><img decoding=\"async\" width=\"768\" height=\"767\" data-id=\"268\" src=\"https:\/\/www.unitas.ch\/casa-andreina\/wp-content\/uploads\/sites\/6\/2022\/02\/c4b68c18-4847-406e-bc48-4470e2a8d42c-edited.jpg\" alt=\"\" class=\"wp-image-268\" srcset=\"https:\/\/www.unitas.ch\/casa-andreina\/wp-content\/uploads\/sites\/6\/2022\/02\/c4b68c18-4847-406e-bc48-4470e2a8d42c-edited.jpg 768w, https:\/\/www.unitas.ch\/casa-andreina\/wp-content\/uploads\/sites\/6\/2022\/02\/c4b68c18-4847-406e-bc48-4470e2a8d42c-edited-300x300.jpg 300w, https:\/\/www.unitas.ch\/casa-andreina\/wp-content\/uploads\/sites\/6\/2022\/02\/c4b68c18-4847-406e-bc48-4470e2a8d42c-edited-150x150.jpg 150w, https:\/\/www.unitas.ch\/casa-andreina\/wp-content\/uploads\/sites\/6\/2022\/02\/c4b68c18-4847-406e-bc48-4470e2a8d42c-edited-350x350.jpg 350w, https:\/\/www.unitas.ch\/casa-andreina\/wp-content\/uploads\/sites\/6\/2022\/02\/c4b68c18-4847-406e-bc48-4470e2a8d42c-edited-200x200.jpg 200w\" sizes=\"(max-width: 768px) 100vw, 768px\" \/><figcaption class=\"wp-element-caption\">Le uscite di Casa Andreina<\/figcaption><\/figure>\n\n\n\n<figure class=\"wp-block-image size-large\"><img decoding=\"async\" width=\"2560\" height=\"1702\" data-id=\"263\" src=\"https:\/\/www.unitas.ch\/casa-andreina\/wp-content\/uploads\/sites\/6\/2022\/02\/DSC_0068-scaled.jpg\" alt=\"\" class=\"wp-image-263\" srcset=\"https:\/\/www.unitas.ch\/casa-andreina\/wp-content\/uploads\/sites\/6\/2022\/02\/DSC_0068-scaled.jpg 2560w, https:\/\/www.unitas.ch\/casa-andreina\/wp-content\/uploads\/sites\/6\/2022\/02\/DSC_0068-300x199.jpg 300w, https:\/\/www.unitas.ch\/casa-andreina\/wp-content\/uploads\/sites\/6\/2022\/02\/DSC_0068-1024x681.jpg 1024w, https:\/\/www.unitas.ch\/casa-andreina\/wp-content\/uploads\/sites\/6\/2022\/02\/DSC_0068-768x511.jpg 768w, https:\/\/www.unitas.ch\/casa-andreina\/wp-content\/uploads\/sites\/6\/2022\/02\/DSC_0068-1536x1021.jpg 1536w, https:\/\/www.unitas.ch\/casa-andreina\/wp-content\/uploads\/sites\/6\/2022\/02\/DSC_0068-2048x1362.jpg 2048w\" sizes=\"(max-width: 2560px) 100vw, 2560px\" \/><figcaption class=\"wp-element-caption\">Le uscite di Casa Andreina<\/figcaption><\/figure>\n\n\n\n<figure class=\"wp-block-image size-large\"><img decoding=\"async\" width=\"1288\" height=\"1288\" data-id=\"269\" src=\"https:\/\/www.unitas.ch\/casa-andreina\/wp-content\/uploads\/sites\/6\/2022\/02\/unitas_20090319_01-edited.jpg\" alt=\"\" class=\"wp-image-269\" srcset=\"https:\/\/www.unitas.ch\/casa-andreina\/wp-content\/uploads\/sites\/6\/2022\/02\/unitas_20090319_01-edited.jpg 1288w, https:\/\/www.unitas.ch\/casa-andreina\/wp-content\/uploads\/sites\/6\/2022\/02\/unitas_20090319_01-edited-300x300.jpg 300w, https:\/\/www.unitas.ch\/casa-andreina\/wp-content\/uploads\/sites\/6\/2022\/02\/unitas_20090319_01-edited-1024x1024.jpg 1024w, https:\/\/www.unitas.ch\/casa-andreina\/wp-content\/uploads\/sites\/6\/2022\/02\/unitas_20090319_01-edited-150x150.jpg 150w, https:\/\/www.unitas.ch\/casa-andreina\/wp-content\/uploads\/sites\/6\/2022\/02\/unitas_20090319_01-edited-768x768.jpg 768w, https:\/\/www.unitas.ch\/casa-andreina\/wp-content\/uploads\/sites\/6\/2022\/02\/unitas_20090319_01-edited-350x350.jpg 350w, https:\/\/www.unitas.ch\/casa-andreina\/wp-content\/uploads\/sites\/6\/2022\/02\/unitas_20090319_01-edited-200x200.jpg 200w\" sizes=\"(max-width: 1288px) 100vw, 1288px\" \/><figcaption class=\"wp-element-caption\">Attivit\u00e0 di Casa Andreina<\/figcaption><\/figure>\n\n\n\n<figure class=\"wp-block-image size-large\"><img decoding=\"async\" width=\"2560\" height=\"1702\" data-id=\"266\" src=\"https:\/\/www.unitas.ch\/casa-andreina\/wp-content\/uploads\/sites\/6\/2022\/02\/DSC_0031-scaled.jpg\" alt=\"\" class=\"wp-image-266\" srcset=\"https:\/\/www.unitas.ch\/casa-andreina\/wp-content\/uploads\/sites\/6\/2022\/02\/DSC_0031-scaled.jpg 2560w, https:\/\/www.unitas.ch\/casa-andreina\/wp-content\/uploads\/sites\/6\/2022\/02\/DSC_0031-300x199.jpg 300w, https:\/\/www.unitas.ch\/casa-andreina\/wp-content\/uploads\/sites\/6\/2022\/02\/DSC_0031-1024x681.jpg 1024w, https:\/\/www.unitas.ch\/casa-andreina\/wp-content\/uploads\/sites\/6\/2022\/02\/DSC_0031-768x511.jpg 768w, https:\/\/www.unitas.ch\/casa-andreina\/wp-content\/uploads\/sites\/6\/2022\/02\/DSC_0031-1536x1021.jpg 1536w, https:\/\/www.unitas.ch\/casa-andreina\/wp-content\/uploads\/sites\/6\/2022\/02\/DSC_0031-2048x1362.jpg 2048w\" sizes=\"(max-width: 2560px) 100vw, 2560px\" \/><figcaption class=\"wp-element-caption\">Le uscite di Casa Andreina<\/figcaption><\/figure>\n\n\n\n<figure class=\"wp-block-image size-large\"><img decoding=\"async\" width=\"2560\" height=\"1702\" data-id=\"265\" src=\"https:\/\/www.unitas.ch\/casa-andreina\/wp-content\/uploads\/sites\/6\/2022\/02\/DSC_0050-scaled.jpg\" alt=\"\" class=\"wp-image-265\" srcset=\"https:\/\/www.unitas.ch\/casa-andreina\/wp-content\/uploads\/sites\/6\/2022\/02\/DSC_0050-scaled.jpg 2560w, https:\/\/www.unitas.ch\/casa-andreina\/wp-content\/uploads\/sites\/6\/2022\/02\/DSC_0050-300x199.jpg 300w, https:\/\/www.unitas.ch\/casa-andreina\/wp-content\/uploads\/sites\/6\/2022\/02\/DSC_0050-1024x681.jpg 1024w, https:\/\/www.unitas.ch\/casa-andreina\/wp-content\/uploads\/sites\/6\/2022\/02\/DSC_0050-768x511.jpg 768w, https:\/\/www.unitas.ch\/casa-andreina\/wp-content\/uploads\/sites\/6\/2022\/02\/DSC_0050-1536x1021.jpg 1536w, https:\/\/www.unitas.ch\/casa-andreina\/wp-content\/uploads\/sites\/6\/2022\/02\/DSC_0050-2048x1362.jpg 2048w\" sizes=\"(max-width: 2560px) 100vw, 2560px\" \/><figcaption class=\"wp-element-caption\">Le uscite di Casa Andreina<\/figcaption><\/figure>\n<\/figure>\n","protected":false},"excerpt":{"rendered":"<p>Accanto al&nbsp;personale specializzato, il Centro diurno Casa Andreina pu\u00f2 contare sul prezioso aiuto di una cerchia di&nbsp;volontari&nbsp;per tenere aperta la caffetteria, servire pranzi a mezzogiorno, animare i diversi momenti della giornata e garantire ai frequentatori i trasporti da tutta la Svizzera italiana.&nbsp; Le quattro sale multiuso consentono di realizzare un ricco programma annuale. Casa Andreina<span>&#8230;<\/span> <\/p>\n","protected":false},"author":3,"featured_media":0,"parent":0,"menu_order":13,"comment_status":"closed","ping_status":"closed","template":"","meta":{"footnotes":""},"class_list":["post-70","page","type-page","status-publish","hentry"],"publishpress_future_action":{"enabled":false,"date":"2026-04-26 15:51:28","action":"change-status","newStatus":"draft","terms":[],"taxonomy":"","extraData":[]},"publishpress_future_workflow_manual_trigger":{"enabledWorkflows":[]},"_links":{"self":[{"href":"https:\/\/www.unitas.ch\/casa-andreina\/wp-json\/wp\/v2\/pages\/70","targetHints":{"allow":["GET"]}}],"collection":[{"href":"https:\/\/www.unitas.ch\/casa-andreina\/wp-json\/wp\/v2\/pages"}],"about":[{"href":"https:\/\/www.unitas.ch\/casa-andreina\/wp-json\/wp\/v2\/types\/page"}],"author":[{"embeddable":true,"href":"https:\/\/www.unitas.ch\/casa-andreina\/wp-json\/wp\/v2\/users\/3"}],"replies":[{"embeddable":true,"href":"https:\/\/www.unitas.ch\/casa-andreina\/wp-json\/wp\/v2\/comments?post=70"}],"version-history":[{"count":8,"href":"https:\/\/www.unitas.ch\/casa-andreina\/wp-json\/wp\/v2\/pages\/70\/revisions"}],"predecessor-version":[{"id":1990,"href":"https:\/\/www.unitas.ch\/casa-andreina\/wp-json\/wp\/v2\/pages\/70\/revisions\/1990"}],"wp:attachment":[{"href":"https:\/\/www.unitas.ch\/casa-andreina\/wp-json\/wp\/v2\/media?parent=70"}],"curies":[{"name":"wp","href":"https:\/\/api.w.org\/{rel}","templated":true}]}}